{"id":15255,"date":"2015-04-20T12:50:43","date_gmt":"2015-04-20T12:50:43","guid":{"rendered":"http:\/\/demo.qodeinteractive.com\/bridge77\/?page_id=15255"},"modified":"2026-03-24T09:17:15","modified_gmt":"2026-03-24T09:17:15","slug":"home","status":"publish","type":"page","link":"https:\/\/sksplus.de\/","title":{"rendered":"Home"},"content":{"rendered":"<div class=\"wpb-content-wrapper\"><p>[vc_row css_animation=&#8220;&#8220; row_type=&#8220;row&#8220; use_row_as_full_screen_section=&#8220;no&#8220; type=&#8220;grid&#8220; angled_section=&#8220;no&#8220; text_align=&#8220;left&#8220; background_image_as_pattern=&#8220;without_pattern&#8220; padding_top=&#8220;80&#8243; padding_bottom=&#8220;55&#8243;][vc_column][vc_column_text css=&#8220;&#8220;]<\/p>\n<h2 style=\"text-align: center;\"><a href=\"https:\/\/sksplus.de\/?page_id=15371\">t\u00e4tigkeitsfelder<\/a><\/h2>\n<p>[\/vc_column_text][vc_separator type=&#8220;small&#8220; position=&#8220;center&#8220; width=&#8220;348&#8243; up=&#8220;8&#8243; down=&#8220;35&#8243;][vc_column_text css=&#8220;&#8220;]<\/p>\n<p style=\"text-align: center;\">Als Bausachverst\u00e4ndige bieten wir Ihnen ein umfassendes Leistungsspektrum rund um Bausch\u00e4den, Gutachten, Immobilienbewertung und baubegleitende Qualit\u00e4tssicherung:<\/p>\n<p style=\"text-align: center;\">Ursachenermittlung und Analyse von Bausch\u00e4den und Baum\u00e4ngeln<\/p>\n<p style=\"text-align: center;\">+<\/p>\n<p style=\"text-align: center;\">Fachgerechte Beschreibung und Bewertung von Sch\u00e4den an Geb\u00e4uden<\/p>\n<p style=\"text-align: center;\">+<\/p>\n<p style=\"text-align: center;\">Entwicklung von Sanierungskonzepten inklusive Kostensch\u00e4tzung<\/p>\n<p style=\"text-align: center;\">+<\/p>\n<p style=\"text-align: center;\">Erstellung von Baugutachten sowie Schadensgutachten<\/p>\n<p style=\"text-align: center;\">+<\/p>\n<p style=\"text-align: center;\">Gutachten f\u00fcr Sach- und Haftpflichtsch\u00e4den an Immobilien<\/p>\n<p style=\"text-align: center;\">+<\/p>\n<p style=\"text-align: center;\">Beweissicherung und gerichtsfeste Zustandsdokumentation<\/p>\n<p style=\"text-align: center;\">+<\/p>\n<p style=\"text-align: center;\">Baubegleitung, Bau\u00fcberwachung und Qualit\u00e4tskontrolle<\/p>\n<p style=\"text-align: center;\">+<\/p>\n<p style=\"text-align: center;\">Unterst\u00fctzung bei Bauabnahmen und technischen Pr\u00fcfungen<\/p>\n<p style=\"text-align: center;\">+<\/p>\n<p style=\"text-align: center;\">Bauherrenberatung und baubegleitende Qualit\u00e4tssicherung<\/p>\n<p style=\"text-align: center;\">+<\/p>\n<p style=\"text-align: center;\">Immobiliencheck und Geb\u00e4udepr\u00fcfung vor dem Kauf<\/p>\n<p style=\"text-align: center;\">+<\/p>\n<p style=\"text-align: center;\">Bewertung von Immobilien und baulichen Zust\u00e4nden<\/p>\n<p style=\"text-align: center;\">+<\/p>\n<p style=\"text-align: center;\">Bauforensik<\/p>\n<p style=\"text-align: center;\">+<\/p>\n<p style=\"text-align: center;\">Als Baugutachter und Bausachverst\u00e4ndige unterst\u00fctzen wir Privatkunden, Unternehmen, Versicherungen und Gerichte mit unabh\u00e4ngigen, fundierten Gutachten.<\/p>\n<p style=\"text-align: center;\">Unser Hauptsitz ist Stuttgart, Baden-W\u00fcrttemberg. Von hier aus betreuen wir Projekte im gesamten s\u00fcddeutschen Raum, nehmen aber gerne auch weitere Wege in Kauf.<\/p>\n<p style=\"text-align: center;\"><a href=\"https:\/\/sksplus.de\/?page_id=15373\">Sprechen Sie uns an-wir beraten Sie gerne pers\u00f6nlich<\/a>.<\/p>\n<p>[\/vc_column_text][vc_separator type=&#8220;transparent&#8220; up=&#8220;80&#8243; down=&#8220;0&#8243;][vc_row_inner row_type=&#8220;row&#8220; type=&#8220;grid&#8220; text_align=&#8220;center&#8220; css_animation=&#8220;&#8220;][vc_column_inner width=&#8220;1\/4&#8243;][vc_column_text css=&#8220;&#8220;]<\/p>\n<h3 style=\"text-align: center;\"><strong>Unternehmen &amp; \u00f6ffentliche Auftraggeber<\/strong><\/h3>\n<p>[\/vc_column_text][vc_separator type=&#8220;transparent&#8220; up=&#8220;14&#8243; down=&#8220;0&#8243;][vc_column_text css=&#8220;&#8220;]<\/p>\n<p style=\"text-align: center;\">Wir begleiten Bauprojekte durch technische Pr\u00fcfungen, Qualit\u00e4tskontrollen und sachverst\u00e4ndige Bewertungen. Von der Ausf\u00fchrungskontrolle bis zur Abnahme unterst\u00fctzen wir Unternehmen und \u00f6ffentliche Auftraggeber dabei, Risiken zu minimieren, Abl\u00e4ufe zu sichern und Bauqualit\u00e4t nachhaltig zu gew\u00e4hrleisten.<\/p>\n<p>[\/vc_column_text][vc_separator type=&#8220;transparent&#8220; up=&#8220;60&#8243; down=&#8220;0&#8243;][\/vc_column_inner][vc_column_inner width=&#8220;1\/4&#8243;][vc_column_text css=&#8220;&#8220;]<\/p>\n<h3 style=\"text-align: center;\">Versicherungen<\/h3>\n<p>[\/vc_column_text][vc_separator type=&#8220;transparent&#8220; up=&#8220;14&#8243; down=&#8220;0&#8243;][vc_column_text css=&#8220;&#8220;]<\/p>\n<p style=\"text-align: center;\">Wir liefern pr\u00e4zise und nachvollziehbare Schadensannahmen und Beschreibungen bei Sach- und Haftpflichtsch\u00e4den. Unsere Gutachten enthalten klare Beschreibungen der Ursachen und fundierte Kostensch\u00e4tzungen \u2013 f\u00fcr eine schnelle und wirtschaftliche Regulierung.<\/p>\n<p>[\/vc_column_text][vc_separator type=&#8220;transparent&#8220; up=&#8220;60&#8243; down=&#8220;0&#8243;][\/vc_column_inner][vc_column_inner width=&#8220;1\/4&#8243;][vc_column_text css=&#8220;&#8220;]<\/p>\n<h3 style=\"text-align: center;\"><strong>Gerichte &amp; Rechtsanw\u00e4lte<\/strong><\/h3>\n<p>[\/vc_column_text][vc_separator type=&#8220;transparent&#8220; up=&#8220;14&#8243; down=&#8220;0&#8243;][vc_column_text css=&#8220;&#8220;]<\/p>\n<p style=\"text-align: center;\" data-subtree=\"aimfl,mfl\" data-processed=\"true\">Wir erstellen unabh\u00e4ngige Gutachten zur Kl\u00e4rung von naturwissenschaftlichen und technischen Fragestellungen in gerichtlichen und au\u00dfergerichtlichen Verfahren. Durch strukturierte Ursachenanalyse, nachvollziehbare Dokumentation und fachlich fundierte Bewertung liefern wir belastbare Entscheidungsgrundlagen.<\/p>\n<p>[\/vc_column_text][vc_separator type=&#8220;transparent&#8220; up=&#8220;60&#8243; down=&#8220;0&#8243;][\/vc_column_inner][vc_column_inner width=&#8220;1\/4&#8243;][vc_column_text css=&#8220;&#8220;]<\/p>\n<h3 style=\"text-align: center;\">Privatkunden<\/h3>\n<p>[\/vc_column_text][vc_separator type=&#8220;transparent&#8220; up=&#8220;14&#8243; down=&#8220;0&#8243;][vc_column_text css=&#8220;&#8220;]<\/p>\n<p style=\"text-align: center;\">Wir unterst\u00fctzen Sie bei Sch\u00e4den an Ihrer Immobilie \u2013 von der ersten Einsch\u00e4tzung bis zum unabh\u00e4ngigen Gutachten. Ob beim Hauskauf, bei \u201eBaum\u00e4ngeln\u201c oder zur Absicherung gegen\u00fcber Dritten: Wir schaffen Klarheit, helfen, teure Fehlentscheidungen zu vermeiden und geben Ihnen Sicherheit bei wichtigen Entscheidungen rund um Ihr Eigentum<\/p>\n<p>[\/vc_column_text][vc_separator type=&#8220;transparent&#8220; up=&#8220;60&#8243; down=&#8220;0&#8243;][\/vc_column_inner][\/vc_row_inner][\/vc_column][\/vc_row][vc_row row_type=&#8220;parallax&#8220; parallax_content_width=&#8220;in_grid&#8220; text_align=&#8220;center&#8220; full_screen_section_height=&#8220;no&#8220; background_image=&#8220;15442&#8243; section_height=&#8220;445&#8243; parallax_speed=&#8220;0&#8243;][vc_column][vc_separator type=&#8220;transparent&#8220; up=&#8220;95&#8243; down=&#8220;0&#8243;][vc_column_text css=&#8220;&#8220;][\/vc_column_text][\/vc_column][\/vc_row][vc_row css_animation=&#8220;&#8220; row_type=&#8220;row&#8220; use_row_as_full_screen_section=&#8220;no&#8220; type=&#8220;grid&#8220; angled_section=&#8220;no&#8220; text_align=&#8220;left&#8220; background_image_as_pattern=&#8220;without_pattern&#8220; padding_top=&#8220;80&#8243; padding_bottom=&#8220;25&#8243;][vc_column][vc_separator type=&#8220;transparent&#8220; up=&#8220;25&#8243; down=&#8220;0&#8243;][vc_column_text css=&#8220;&#8220;]<\/p>\n<h2 style=\"text-align: center;\">Team<\/h2>\n<p>[\/vc_column_text][vc_separator type=&#8220;small&#8220; position=&#8220;center&#8220; width=&#8220;348&#8243; up=&#8220;8&#8243; down=&#8220;35&#8243;][vc_column_text css=&#8220;&#8220;]Alle Gr\u00fcnungspartner sind Diplom-Ingenieure, freie Architekten und zertifizierte Sachverst\u00e4ndige f\u00fcr Sch\u00e4den an Geb\u00e4uden. Zertifiziert durch das IFBau der Architektenkammer Baden-W\u00fcrttemberg bzw. durch das IFBau der Architektenkammer Baden-W\u00fcrttemberg und\u00a0 die HTWG Konstanz.<\/p>\n<p>Je nach Aufgabenstellung arbeiten wir interdisziplin\u00e4r mit weiteren spezialisierten Sachverst\u00e4ndigen, Pr\u00fcflaboren, Tragwerksplanern und Bauphysikern zusammen. So stellen wir sicher, dass jede Fragestellung fach\u00fcbergreifend, pr\u00e4zise und auf h\u00f6chstem Niveau bearbeitet wird.[\/vc_column_text][vc_separator type=&#8220;transparent&#8220; up=&#8220;65&#8243; down=&#8220;0&#8243;][vc_row_inner row_type=&#8220;row&#8220; type=&#8220;full_width&#8220; text_align=&#8220;center&#8220; css_animation=&#8220;&#8220;][vc_column_inner width=&#8220;1\/4&#8243;][vc_single_image image=&#8220;15599&#8243; img_size=&#8220;full&#8220; alignment=&#8220;center&#8220; css=&#8220;&#8220; qode_css_animation=&#8220;&#8220;][vc_separator type=&#8220;transparent&#8220; up=&#8220;25&#8243; down=&#8220;0&#8243;][vc_column_text css=&#8220;&#8220;]<\/p>\n<h3 style=\"text-align: center;\">MARTIN STOLL<\/h3>\n<p style=\"text-align: center;\">+<\/p>\n<p style=\"text-align: center;\">Dipl. Ing. Architektur und Design<\/p>\n<p style=\"text-align: center;\">Freier Architekt BDA<\/p>\n<p>[\/vc_column_text][vc_separator type=&#8220;transparent&#8220; up=&#8220;17&#8243; down=&#8220;0&#8243;][vc_separator type=&#8220;transparent&#8220; up=&#8220;60&#8243; down=&#8220;0&#8243;][\/vc_column_inner][vc_column_inner width=&#8220;1\/4&#8243;][vc_single_image image=&#8220;15623&#8243; img_size=&#8220;full&#8220; alignment=&#8220;center&#8220; css=&#8220;&#8220; qode_css_animation=&#8220;&#8220;][vc_separator type=&#8220;transparent&#8220; up=&#8220;25&#8243; down=&#8220;0&#8243;][vc_column_text css=&#8220;&#8220;]<\/p>\n<h3 style=\"text-align: center;\">Valery Kreissl<\/h3>\n<p style=\"text-align: center;\">+<\/p>\n<p style=\"text-align: center;\">Dipl. Ing. Freier Architekt<\/p>\n<p>[\/vc_column_text][vc_column_text css=&#8220;&#8220;][\/vc_column_text][vc_separator type=&#8220;transparent&#8220; up=&#8220;17&#8243; down=&#8220;0&#8243;][vc_separator type=&#8220;transparent&#8220; up=&#8220;60&#8243; down=&#8220;0&#8243;][\/vc_column_inner][vc_column_inner width=&#8220;1\/4&#8243;][vc_single_image image=&#8220;15603&#8243; img_size=&#8220;full&#8220; alignment=&#8220;center&#8220; css=&#8220;&#8220; qode_css_animation=&#8220;&#8220;][vc_separator type=&#8220;transparent&#8220; up=&#8220;25&#8243; down=&#8220;0&#8243;][vc_column_text css=&#8220;&#8220;]<\/p>\n<h3 style=\"text-align: center;\"><strong>Maximilian\u00a0 Seibert<\/strong><\/h3>\n<p style=\"text-align: center;\">+<\/p>\n<p style=\"text-align: center;\">Dipl. Ing. Freier Architekt<\/p>\n<p>[\/vc_column_text][vc_separator type=&#8220;transparent&#8220; up=&#8220;17&#8243; down=&#8220;0&#8243;][vc_separator type=&#8220;transparent&#8220; up=&#8220;60&#8243; down=&#8220;0&#8243;][\/vc_column_inner][vc_column_inner width=&#8220;1\/4&#8243;][vc_single_image image=&#8220;15646&#8243; img_size=&#8220;full&#8220; alignment=&#8220;center&#8220; css=&#8220;&#8220; qode_css_animation=&#8220;&#8220;][vc_separator type=&#8220;transparent&#8220; up=&#8220;25&#8243; down=&#8220;0&#8243;][vc_column_text css=&#8220;&#8220;]<\/p>\n<h3 style=\"text-align: center;\">Partner<\/h3>\n<p style=\"text-align: center;\">+<\/p>\n<p style=\"text-align: center;\">angestellte und externe Mitarbeiter<\/p>\n<p>[\/vc_column_text][vc_column_text css=&#8220;&#8220;][\/vc_column_text][vc_separator type=&#8220;transparent&#8220; up=&#8220;17&#8243; down=&#8220;0&#8243;][vc_separator type=&#8220;transparent&#8220; up=&#8220;60&#8243; down=&#8220;0&#8243;][\/vc_column_inner][\/vc_row_inner][\/vc_column][\/vc_row][vc_row css_animation=&#8220;&#8220; row_type=&#8220;row&#8220; use_row_as_full_screen_section=&#8220;no&#8220; type=&#8220;full_width&#8220; angled_section=&#8220;no&#8220; text_align=&#8220;left&#8220; background_image_as_pattern=&#8220;without_pattern&#8220; background_color=&#8220;#dcd8d0&#8243; min_height=&#8220;200&#8243; z_index=&#8220;&#8220;][vc_column][vc_column_text css=&#8220;&#8220;]<\/p>\n<p style=\"text-align: center;\">+<\/p>\n<p>[\/vc_column_text][\/vc_column][\/vc_row][vc_row css_animation=&#8220;&#8220; row_type=&#8220;row&#8220; use_row_as_full_screen_section=&#8220;no&#8220; type=&#8220;full_width&#8220; angled_section=&#8220;no&#8220; text_align=&#8220;left&#8220; background_image_as_pattern=&#8220;without_pattern&#8220;][vc_column]<div class='qode_carousels_holder clearfix'><div class='qode_carousels' data-number-of-visible-items=''><ul class='slides'><li class='item'><div class=\"carousel_item_holder\"><span class='first_image_holder '><img decoding=\"async\" itemprop=\"image\" src=\"https:\/\/sksplus.de\/wp-content\/uploads\/2026\/02\/ergo.png\" alt=\"carousel image\" \/><\/span><\/div><\/li><li class='item'><div class=\"carousel_item_holder\"><span class='first_image_holder '><img decoding=\"async\" itemprop=\"image\" src=\"https:\/\/sksplus.de\/wp-content\/uploads\/2026\/02\/ssb.png\" alt=\"carousel image\" \/><\/span><\/div><\/li><li class='item'><div class=\"carousel_item_holder\"><span class='first_image_holder '><img decoding=\"async\" itemprop=\"image\" src=\"https:\/\/sksplus.de\/wp-content\/uploads\/2026\/02\/schweiz.png\" alt=\"carousel image\" \/><\/span><\/div><\/li><li class='item'><div class=\"carousel_item_holder\"><span class='first_image_holder '><img decoding=\"async\" itemprop=\"image\" src=\"https:\/\/sksplus.de\/wp-content\/uploads\/2026\/02\/ofi.png\" alt=\"carousel image\" \/><\/span><\/div><\/li><li class='item'><div class=\"carousel_item_holder\"><span class='first_image_holder '><img decoding=\"async\" itemprop=\"image\" src=\"https:\/\/sksplus.de\/wp-content\/uploads\/2026\/02\/nikolaus.png\" alt=\"carousel image\" \/><\/span><\/div><\/li><li class='item'><div class=\"carousel_item_holder\"><span class='first_image_holder '><img decoding=\"async\" itemprop=\"image\" src=\"https:\/\/sksplus.de\/wp-content\/uploads\/2026\/02\/newo.png\" alt=\"carousel image\" \/><\/span><\/div><\/li><li class='item'><div class=\"carousel_item_holder\"><span class='first_image_holder '><img decoding=\"async\" itemprop=\"image\" src=\"https:\/\/sksplus.de\/wp-content\/uploads\/2026\/02\/lubu.png\" alt=\"carousel image\" \/><\/span><\/div><\/li><\/ul><\/div><\/div>[\/vc_column][\/vc_row]<\/p>\n<\/div>","protected":false},"excerpt":{"rendered":"<p>[vc_row css_animation=&#8220;&#8220; row_type=&#8220;row&#8220; use_row_as_full_screen_section=&#8220;no&#8220; type=&#8220;grid&#8220; angled_section=&#8220;no&#8220; text_align=&#8220;left&#8220; background_image_as_pattern=&#8220;without_pattern&#8220; padding_top=&#8220;80&#8243; padding_bottom=&#8220;55&#8243;][vc_column][vc_column_text css=&#8220;&#8220;] t\u00e4tigkeitsfelder [\/vc_column_text][vc_separator type=&#8220;small&#8220; position=&#8220;center&#8220; width=&#8220;348&#8243; up=&#8220;8&#8243; down=&#8220;35&#8243;][vc_column_text css=&#8220;&#8220;] Als Bausachverst\u00e4ndige bieten wir Ihnen ein umfassendes Leistungsspektrum rund um Bausch\u00e4den, Gutachten, Immobilienbewertung und baubegleitende Qualit\u00e4tssicherung: Ursachenermittlung und Analyse von Bausch\u00e4den und Baum\u00e4ngeln + Fachgerechte Beschreibung&#8230;<\/p>\n","protected":false},"author":1,"featured_media":0,"parent":0,"menu_order":0,"comment_status":"open","ping_status":"closed","template":"full_width.php","meta":{"footnotes":""},"class_list":["post-15255","page","type-page","status-publish","hentry"],"_links":{"self":[{"href":"https:\/\/sksplus.de\/index.php?rest_route=\/wp\/v2\/pages\/15255","targetHints":{"allow":["GET"]}}],"collection":[{"href":"https:\/\/sksplus.de\/index.php?rest_route=\/wp\/v2\/pages"}],"about":[{"href":"https:\/\/sksplus.de\/index.php?rest_route=\/wp\/v2\/types\/page"}],"author":[{"embeddable":true,"href":"https:\/\/sksplus.de\/index.php?rest_route=\/wp\/v2\/users\/1"}],"replies":[{"embeddable":true,"href":"https:\/\/sksplus.de\/index.php?rest_route=%2Fwp%2Fv2%2Fcomments&post=15255"}],"version-history":[{"count":99,"href":"https:\/\/sksplus.de\/index.php?rest_route=\/wp\/v2\/pages\/15255\/revisions"}],"predecessor-version":[{"id":15665,"href":"https:\/\/sksplus.de\/index.php?rest_route=\/wp\/v2\/pages\/15255\/revisions\/15665"}],"wp:attachment":[{"href":"https:\/\/sksplus.de\/index.php?rest_route=%2Fwp%2Fv2%2Fmedia&parent=15255"}],"curies":[{"name":"wp","href":"https:\/\/api.w.org\/{rel}","templated":true}]}}