{"id":15370,"date":"2015-04-22T10:03:10","date_gmt":"2015-04-22T10:03:10","guid":{"rendered":"http:\/\/demo.qodeinteractive.com\/bridge77\/?page_id=15342"},"modified":"2026-03-06T20:47:38","modified_gmt":"2026-03-06T20:47:38","slug":"about-us","status":"publish","type":"page","link":"https:\/\/sksplus.de\/?page_id=15370","title":{"rendered":"Impressum \/ Datenschutz"},"content":{"rendered":"<div class=\"wpb-content-wrapper\"><p>[vc_row css_animation=&#8220;&#8220; row_type=&#8220;row&#8220; use_row_as_full_screen_section=&#8220;no&#8220; type=&#8220;grid&#8220; angled_section=&#8220;no&#8220; text_align=&#8220;left&#8220; background_image_as_pattern=&#8220;without_pattern&#8220; padding_top=&#8220;80&#8243; padding_bottom=&#8220;30&#8243;][vc_column][vc_column_text css=&#8220;&#8220;]<\/p>\n<h2 style=\"text-align: center;\">impressum + datenschutz<\/h2>\n<p>[\/vc_column_text][vc_separator type=&#8220;small&#8220; position=&#8220;center&#8220; width=&#8220;348&#8243; up=&#8220;8&#8243; down=&#8220;35&#8243;][vc_column_text css=&#8220;&#8220;]<strong>Verantwortliche f\u00fcr den Inhalt gem\u00e4\u00df \u00a75 TMG: <\/strong><\/p>\n<p>Dipl.-Ing. Architektur und Design Freier Architekt BDA Martin Stoll<\/p>\n<p>Dipl.-Ing. Freier Architekt Valery Kreissl<\/p>\n<p>Dipl.-Ing. Freier Architekt Maximilian Seibert<\/p>\n<p>Als GBR\u00a0 SKS + Stuttgarter Stra\u00dfe 14, 73760 Ostfildern<\/p>\n<p>Tel. 0711 50476210<\/p>\n<p>E-Mail: info@sksplus.de.<\/p>\n<p>Alle eingetragene Mitglieder in der Architektenkammer Baden-W\u00fcrttemberg, Danneckerstra\u00dfe 54, 70182 Stuttgart. Hieraus ergibt sich die Berechtigung zum F\u00fchren der Berufsbezeichnung Freier Architekt. Die berufsrechtlichen Bestimmungen, insbesondere das Architektengesetz Baden-W\u00fcrttemberg sowie die Berufsordnung, sind einsehbar auf der Homepage der Architektenkammer Baden-W\u00fcrttemberg: https:\/\/www.akbw.de.<\/p>\n<p>Die durch uns erstellten Inhalte und Werke auf diesen Seiten unterliegen dem deutschen Urheberrecht. Die Vervielf\u00e4ltigung, Bearbeitung, Verbreitung und jede Art der Verwertung au\u00dferhalb der Grenzen des Urheberrechts bed\u00fcrfen der schriftlichen Zustimmung des jeweiligen Autors.\u00a0 SKS + erhebt keine Daten aufgrund der Nutzung der Website &#8222;www.sksplus.de&#8220;<\/p>\n<p>Als Betreiber dieser Seiten nehmen WIR den Schutz Ihrer pers\u00f6nlichen Daten sehr ernst. WIR behandeln Ihre personenbezogenen Daten vertraulich und entsprechend der gesetzlichen Datenschutzvorschriften sowie dieser Datenschutzerkl\u00e4rung. Wenn Sie diese Website benutzen, werden verschiedene personenbezogene Daten evtl. auch von Dritten erhoben. Ein l\u00fcckenloser Schutz der Daten vor dem Zugriff durch Dritte ist durch uns nicht m\u00f6glich.<strong>\u00a0<\/strong><\/p>\n<p>Der Nutzung der ver\u00f6ffentlichten Kontaktdaten zur \u00dcbersendung von nicht ausdr\u00fccklich angeforderter Werbung und Informationsmaterialien wird hiermit widersprochen. Die Betreiber der Seiten behalten sich ausdr\u00fccklich rechtliche Schritte im Falle der unverlangten Zusendung von Werbeinformationen, etwa durch Spam-E-Mails, vor.<\/p>\n<p>&nbsp;<\/p>\n<p>Die Webseite wird beim Provider <strong>Strato <\/strong>gehostet. Entsprechende weitergehende Datenschutzhinweise k\u00f6nnen Sie der Homepage des Providers entnehmen, https:\/\/www.strato.de\/datenschutz[\/vc_column_text][vc_separator type=&#8220;transparent&#8220; up=&#8220;65&#8243; down=&#8220;0&#8243;][\/vc_column][\/vc_row]<\/p>\n<\/div>","protected":false},"excerpt":{"rendered":"<p>[vc_row css_animation=&#8220;&#8220; row_type=&#8220;row&#8220; use_row_as_full_screen_section=&#8220;no&#8220; type=&#8220;grid&#8220; angled_section=&#8220;no&#8220; text_align=&#8220;left&#8220; background_image_as_pattern=&#8220;without_pattern&#8220; padding_top=&#8220;80&#8243; padding_bottom=&#8220;30&#8243;][vc_column][vc_column_text css=&#8220;&#8220;] impressum + datenschutz [\/vc_column_text][vc_separator type=&#8220;small&#8220; position=&#8220;center&#8220; width=&#8220;348&#8243; up=&#8220;8&#8243; down=&#8220;35&#8243;][vc_column_text css=&#8220;&#8220;]Verantwortliche f\u00fcr den Inhalt gem\u00e4\u00df \u00a75 TMG: Dipl.-Ing. Architektur und Design Freier Architekt BDA Martin Stoll Dipl.-Ing. Freier Architekt Valery Kreissl Dipl.-Ing. Freier Architekt Maximilian&#8230;<\/p>\n","protected":false},"author":1,"featured_media":0,"parent":0,"menu_order":0,"comment_status":"open","ping_status":"closed","template":"full_width.php","meta":{"footnotes":""},"class_list":["post-15370","page","type-page","status-publish","hentry"],"_links":{"self":[{"href":"https:\/\/sksplus.de\/index.php?rest_route=\/wp\/v2\/pages\/15370","targetHints":{"allow":["GET"]}}],"collection":[{"href":"https:\/\/sksplus.de\/index.php?rest_route=\/wp\/v2\/pages"}],"about":[{"href":"https:\/\/sksplus.de\/index.php?rest_route=\/wp\/v2\/types\/page"}],"author":[{"embeddable":true,"href":"https:\/\/sksplus.de\/index.php?rest_route=\/wp\/v2\/users\/1"}],"replies":[{"embeddable":true,"href":"https:\/\/sksplus.de\/index.php?rest_route=%2Fwp%2Fv2%2Fcomments&post=15370"}],"version-history":[{"count":30,"href":"https:\/\/sksplus.de\/index.php?rest_route=\/wp\/v2\/pages\/15370\/revisions"}],"predecessor-version":[{"id":15652,"href":"https:\/\/sksplus.de\/index.php?rest_route=\/wp\/v2\/pages\/15370\/revisions\/15652"}],"wp:attachment":[{"href":"https:\/\/sksplus.de\/index.php?rest_route=%2Fwp%2Fv2%2Fmedia&parent=15370"}],"curies":[{"name":"wp","href":"https:\/\/api.w.org\/{rel}","templated":true}]}}